{"id":13112,"date":"2021-01-08T00:46:12","date_gmt":"2021-01-07T23:46:12","guid":{"rendered":"https:\/\/edu-carib.com\/?page_id=13112"},"modified":"2021-02-25T23:48:34","modified_gmt":"2021-02-25T22:48:34","slug":"sinformer-lycee","status":"publish","type":"page","link":"https:\/\/old01.edu-carib.com\/en\/sinformer-lycee\/","title":{"rendered":"S&#8217;informer &#8211; Lyc\u00e9e"},"content":{"rendered":"<div data-elementor-type=\"wp-page\" data-elementor-id=\"13112\" class=\"elementor elementor-13112\" data-elementor-post-type=\"page\">\n\t\t\t\t\t\t<section class=\"elementor-section elementor-top-section elementor-element elementor-element-6171ad4 elementor-section-stretched elementor-section-height-min-height elementor-section-boxed elementor-section-height-default elementor-section-items-middle\" data-id=\"6171ad4\" data-element_type=\"section\" data-settings=\"{&quot;stretch_section&quot;:&quot;section-stretched&quot;,&quot;background_background&quot;:&quot;classic&quot;}\">\n\t\t\t\t\t\t\t<div class=\"elementor-background-overlay\"><\/div>\n\t\t\t\t\t\t\t<div class=\"elementor-container elementor-column-gap-default\">\n\t\t\t\t\t<div class=\"elementor-column elementor-col-100 elementor-top-column elementor-element elementor-element-77b1b52\" data-id=\"77b1b52\" data-element_type=\"column\">\n\t\t\t<div class=\"elementor-widget-wrap elementor-element-populated\">\n\t\t\t\t\t\t<div class=\"elementor-element elementor-element-3f7ad6a elementor-widget elementor-widget-heading\" data-id=\"3f7ad6a\" data-element_type=\"widget\" data-widget_type=\"heading.default\">\n\t\t\t\t<div class=\"elementor-widget-container\">\n\t\t\t<h1 class=\"elementor-heading-title elementor-size-default\">Learn the Ropes<\/h1>\t\t<\/div>\n\t\t\t\t<\/div>\n\t\t\t\t<div class=\"elementor-element elementor-element-7fa87e0 elementor-widget elementor-widget-text-editor\" data-id=\"7fa87e0\" data-element_type=\"widget\" data-widget_type=\"text-editor.default\">\n\t\t\t\t<div class=\"elementor-widget-container\">\n\t\t\t\t\t\t\t<p>De l\u2019actualit\u00e9, des conseils, des informations pratiques afin de te guider dans ton orientation.<\/p>\t\t\t\t\t\t<\/div>\n\t\t\t\t<\/div>\n\t\t\t\t<div class=\"elementor-element elementor-element-f187775 elementor-widget elementor-widget-menu-anchor\" data-id=\"f187775\" data-element_type=\"widget\" data-widget_type=\"menu-anchor.default\">\n\t\t\t\t<div class=\"elementor-widget-container\">\n\t\t\t\t\t<div class=\"elementor-menu-anchor\" id=\"sinformer-posts\"><\/div>\n\t\t\t\t<\/div>\n\t\t\t\t<\/div>\n\t\t\t\t\t<\/div>\n\t\t<\/div>\n\t\t\t\t\t<\/div>\n\t\t<\/section>\n\t\t\t\t<section class=\"elementor-section elementor-top-section elementor-element elementor-element-d4e097e elementor-section-content-middle elementor-section-boxed elementor-section-height-default elementor-section-height-default\" data-id=\"d4e097e\" data-element_type=\"section\" data-settings=\"{&quot;background_background&quot;:&quot;classic&quot;}\">\n\t\t\t\t\t\t<div class=\"elementor-container elementor-column-gap-no\">\n\t\t\t\t\t<div class=\"elementor-column elementor-col-12 elementor-top-column elementor-element elementor-element-8b7a78a\" data-id=\"8b7a78a\" data-element_type=\"column\">\n\t\t\t<div class=\"elementor-widget-wrap elementor-element-populated\">\n\t\t\t\t\t\t<div class=\"elementor-element elementor-element-a810bfe elementor-align-center elementor-widget elementor-widget-button\" data-id=\"a810bfe\" data-element_type=\"widget\" data-widget_type=\"button.default\">\n\t\t\t\t<div class=\"elementor-widget-container\">\n\t\t\t\t\t<div class=\"elementor-button-wrapper\">\n\t\t\t<a class=\"elementor-button elementor-button-link elementor-size-sm\" href=\"https:\/\/educarib.co\/sinformer#sinformer-posts\">\n\t\t\t\t\t\t<span class=\"elementor-button-content-wrapper\">\n\t\t\t\t\t\t\t\t\t<span class=\"elementor-button-text\">Tout<\/span>\n\t\t\t\t\t<\/span>\n\t\t\t\t\t<\/a>\n\t\t<\/div>\n\t\t\t\t<\/div>\n\t\t\t\t<\/div>\n\t\t\t\t\t<\/div>\n\t\t<\/div>\n\t\t\t\t<div class=\"elementor-column elementor-col-12 elementor-top-column elementor-element elementor-element-c5b05fc\" data-id=\"c5b05fc\" data-element_type=\"column\">\n\t\t\t<div class=\"elementor-widget-wrap elementor-element-populated\">\n\t\t\t\t\t\t<div class=\"elementor-element elementor-element-ab5b1b8 elementor-align-center elementor-widget elementor-widget-button\" data-id=\"ab5b1b8\" data-element_type=\"widget\" data-widget_type=\"button.default\">\n\t\t\t\t<div class=\"elementor-widget-container\">\n\t\t\t\t\t<div class=\"elementor-button-wrapper\">\n\t\t\t<a class=\"elementor-button elementor-button-link elementor-size-sm\" href=\"https:\/\/educarib.co\/sinformer-lycee#sinformer-posts\">\n\t\t\t\t\t\t<span class=\"elementor-button-content-wrapper\">\n\t\t\t\t\t\t\t\t\t<span class=\"elementor-button-text\">Lyc\u00e9e<\/span>\n\t\t\t\t\t<\/span>\n\t\t\t\t\t<\/a>\n\t\t<\/div>\n\t\t\t\t<\/div>\n\t\t\t\t<\/div>\n\t\t\t\t\t<\/div>\n\t\t<\/div>\n\t\t\t\t<div class=\"elementor-column elementor-col-12 elementor-top-column elementor-element elementor-element-903d13f\" data-id=\"903d13f\" data-element_type=\"column\">\n\t\t\t<div class=\"elementor-widget-wrap elementor-element-populated\">\n\t\t\t\t\t\t<div class=\"elementor-element elementor-element-caa623e elementor-align-center elementor-widget elementor-widget-button\" data-id=\"caa623e\" data-element_type=\"widget\" data-widget_type=\"button.default\">\n\t\t\t\t<div class=\"elementor-widget-container\">\n\t\t\t\t\t<div class=\"elementor-button-wrapper\">\n\t\t\t<a class=\"elementor-button elementor-button-link elementor-size-sm\" href=\"https:\/\/educarib.co\/sinformer-vie-etudiante#sinformer-posts\">\n\t\t\t\t\t\t<span class=\"elementor-button-content-wrapper\">\n\t\t\t\t\t\t\t\t\t<span class=\"elementor-button-text\">Vie \u00e9tudiante<\/span>\n\t\t\t\t\t<\/span>\n\t\t\t\t\t<\/a>\n\t\t<\/div>\n\t\t\t\t<\/div>\n\t\t\t\t<\/div>\n\t\t\t\t\t<\/div>\n\t\t<\/div>\n\t\t\t\t<div class=\"elementor-column elementor-col-12 elementor-top-column elementor-element elementor-element-867b97b\" data-id=\"867b97b\" data-element_type=\"column\">\n\t\t\t<div class=\"elementor-widget-wrap elementor-element-populated\">\n\t\t\t\t\t\t<div class=\"elementor-element elementor-element-f112197 elementor-align-center elementor-widget elementor-widget-button\" data-id=\"f112197\" data-element_type=\"widget\" data-widget_type=\"button.default\">\n\t\t\t\t<div class=\"elementor-widget-container\">\n\t\t\t\t\t<div class=\"elementor-button-wrapper\">\n\t\t\t<a class=\"elementor-button elementor-button-link elementor-size-sm\" href=\"https:\/\/educarib.co\/sinformer-vie-etudiante-2#sinformer-posts\">\n\t\t\t\t\t\t<span class=\"elementor-button-content-wrapper\">\n\t\t\t\t\t\t\t\t\t<span class=\"elementor-button-text\">Bourses<\/span>\n\t\t\t\t\t<\/span>\n\t\t\t\t\t<\/a>\n\t\t<\/div>\n\t\t\t\t<\/div>\n\t\t\t\t<\/div>\n\t\t\t\t\t<\/div>\n\t\t<\/div>\n\t\t\t\t<div class=\"elementor-column elementor-col-12 elementor-top-column elementor-element elementor-element-c695e56\" data-id=\"c695e56\" data-element_type=\"column\">\n\t\t\t<div class=\"elementor-widget-wrap elementor-element-populated\">\n\t\t\t\t\t\t<div class=\"elementor-element elementor-element-715f3a8 elementor-align-center elementor-widget elementor-widget-button\" data-id=\"715f3a8\" data-element_type=\"widget\" data-widget_type=\"button.default\">\n\t\t\t\t<div class=\"elementor-widget-container\">\n\t\t\t\t\t<div class=\"elementor-button-wrapper\">\n\t\t\t<a class=\"elementor-button elementor-button-link elementor-size-sm\" href=\"https:\/\/educarib.co\/sinformer-conseils#sinformer-posts\">\n\t\t\t\t\t\t<span class=\"elementor-button-content-wrapper\">\n\t\t\t\t\t\t\t\t\t<span class=\"elementor-button-text\">Advice<\/span>\n\t\t\t\t\t<\/span>\n\t\t\t\t\t<\/a>\n\t\t<\/div>\n\t\t\t\t<\/div>\n\t\t\t\t<\/div>\n\t\t\t\t\t<\/div>\n\t\t<\/div>\n\t\t\t\t<div class=\"elementor-column elementor-col-12 elementor-top-column elementor-element elementor-element-58782bd\" data-id=\"58782bd\" data-element_type=\"column\">\n\t\t\t<div class=\"elementor-widget-wrap elementor-element-populated\">\n\t\t\t\t\t\t<div class=\"elementor-element elementor-element-c1a947d elementor-align-center elementor-widget elementor-widget-button\" data-id=\"c1a947d\" data-element_type=\"widget\" data-widget_type=\"button.default\">\n\t\t\t\t<div class=\"elementor-widget-container\">\n\t\t\t\t\t<div class=\"elementor-button-wrapper\">\n\t\t\t<a class=\"elementor-button elementor-button-link elementor-size-sm\" href=\"https:\/\/educarib.co\/sinformer-etablissements#sinformer-posts\">\n\t\t\t\t\t\t<span class=\"elementor-button-content-wrapper\">\n\t\t\t\t\t\t\t\t\t<span class=\"elementor-button-text\">Destinations<\/span>\n\t\t\t\t\t<\/span>\n\t\t\t\t\t<\/a>\n\t\t<\/div>\n\t\t\t\t<\/div>\n\t\t\t\t<\/div>\n\t\t\t\t\t<\/div>\n\t\t<\/div>\n\t\t\t\t<div class=\"elementor-column elementor-col-12 elementor-top-column elementor-element elementor-element-b8cb904\" data-id=\"b8cb904\" data-element_type=\"column\">\n\t\t\t<div class=\"elementor-widget-wrap\">\n\t\t\t\t\t\t\t<\/div>\n\t\t<\/div>\n\t\t\t\t<div class=\"elementor-column elementor-col-12 elementor-top-column elementor-element elementor-element-3fd7288\" data-id=\"3fd7288\" data-element_type=\"column\">\n\t\t\t<div class=\"elementor-widget-wrap elementor-element-populated\">\n\t\t\t\t\t\t<div class=\"elementor-element elementor-element-f8a9bef elementor-search-form--skin-minimal elementor-widget elementor-widget-search-form\" data-id=\"f8a9bef\" data-element_type=\"widget\" data-settings=\"{&quot;skin&quot;:&quot;minimal&quot;}\" data-widget_type=\"search-form.default\">\n\t\t\t\t<div class=\"elementor-widget-container\">\n\t\t\t\t\t<search role=\"search\">\n\t\t\t<form class=\"elementor-search-form\" action=\"https:\/\/old01.edu-carib.com\/en\/\" method=\"get\" data-trp-original-action=\"https:\/\/old01.edu-carib.com\/en\/\">\n\t\t\t\t\t\t\t\t\t\t\t\t<div class=\"elementor-search-form__container\">\n\t\t\t\t\t<label class=\"elementor-screen-only\" for=\"elementor-search-form-f8a9bef\">Search<\/label>\n\n\t\t\t\t\t\t\t\t\t\t\t<div class=\"elementor-search-form__icon\">\n\t\t\t\t\t\t\t<i aria-hidden=\"true\" class=\"fas fa-search\"><\/i>\t\t\t\t\t\t\t<span class=\"elementor-screen-only\">Search<\/span>\n\t\t\t\t\t\t<\/div>\n\t\t\t\t\t\n\t\t\t\t\t<input id=\"elementor-search-form-f8a9bef\" placeholder=\"Un sujet en t\u00eate ?\" class=\"elementor-search-form__input\" type=\"search\" name=\"s\" value=\"\">\n\t\t\t\t\t\n\t\t\t\t\t\n\t\t\t\t\t\t\t\t\t<\/div>\n\t\t\t<input type=\"hidden\" name=\"trp-form-language\" value=\"en\"\/><\/form>\n\t\t<\/search>\n\t\t\t\t<\/div>\n\t\t\t\t<\/div>\n\t\t\t\t\t<\/div>\n\t\t<\/div>\n\t\t\t\t\t<\/div>\n\t\t<\/section>\n\t\t\t\t<section class=\"elementor-section elementor-top-section elementor-element elementor-element-a94409a elementor-section-boxed elementor-section-height-default elementor-section-height-default\" data-id=\"a94409a\" data-element_type=\"section\">\n\t\t\t\t\t\t<div class=\"elementor-container elementor-column-gap-default\">\n\t\t\t\t\t<div class=\"elementor-column elementor-col-100 elementor-top-column elementor-element elementor-element-0999275\" data-id=\"0999275\" data-element_type=\"column\">\n\t\t\t<div class=\"elementor-widget-wrap elementor-element-populated\">\n\t\t\t\t\t\t<div class=\"elementor-element elementor-element-6aef5d9 elementor-widget elementor-widget-spacer\" data-id=\"6aef5d9\" data-element_type=\"widget\" data-widget_type=\"spacer.default\">\n\t\t\t\t<div class=\"elementor-widget-container\">\n\t\t\t\t\t<div class=\"elementor-spacer\">\n\t\t\t<div class=\"elementor-spacer-inner\"><\/div>\n\t\t<\/div>\n\t\t\t\t<\/div>\n\t\t\t\t<\/div>\n\t\t\t\t\t<\/div>\n\t\t<\/div>\n\t\t\t\t\t<\/div>\n\t\t<\/section>\n\t\t\t\t<section class=\"elementor-section elementor-top-section elementor-element elementor-element-9e952dd elementor-section-boxed elementor-section-height-default elementor-section-height-default\" data-id=\"9e952dd\" data-element_type=\"section\" data-settings=\"{&quot;background_background&quot;:&quot;classic&quot;}\">\n\t\t\t\t\t\t<div class=\"elementor-container elementor-column-gap-default\">\n\t\t\t\t\t<div class=\"elementor-column elementor-col-50 elementor-top-column elementor-element elementor-element-254688a\" data-id=\"254688a\" data-element_type=\"column\">\n\t\t\t<div class=\"elementor-widget-wrap\">\n\t\t\t\t\t\t\t<\/div>\n\t\t<\/div>\n\t\t\t\t<div class=\"elementor-column elementor-col-50 elementor-top-column elementor-element elementor-element-582967c\" data-id=\"582967c\" data-element_type=\"column\">\n\t\t\t<div class=\"elementor-widget-wrap elementor-element-populated\">\n\t\t\t\t\t\t<div class=\"elementor-element elementor-element-8f9a321 elementor-widget elementor-widget-heading\" data-id=\"8f9a321\" data-element_type=\"widget\" data-widget_type=\"heading.default\">\n\t\t\t\t<div class=\"elementor-widget-container\">\n\t\t\t<h3 class=\"elementor-heading-title elementor-size-default\">Les plus consult\u00e9s<\/h3>\t\t<\/div>\n\t\t\t\t<\/div>\n\t\t\t\t<div class=\"elementor-element elementor-element-4ef1e65 elementor-widget-divider--view-line elementor-widget elementor-widget-divider\" data-id=\"4ef1e65\" data-element_type=\"widget\" data-widget_type=\"divider.default\">\n\t\t\t\t<div class=\"elementor-widget-container\">\n\t\t\t\t\t<div class=\"elementor-divider\">\n\t\t\t<span class=\"elementor-divider-separator\">\n\t\t\t\t\t\t<\/span>\n\t\t<\/div>\n\t\t\t\t<\/div>\n\t\t\t\t<\/div>\n\t\t\t\t<div class=\"elementor-element elementor-element-4c98f51 elementor-widget elementor-widget-wp-widget-wpp\" data-id=\"4c98f51\" data-element_type=\"widget\" id=\"popular-posts-sinformer\" data-widget_type=\"wp-widget-wpp.default\">\n\t\t\t\t<div class=\"elementor-widget-container\">\n\t\t\t\n\n<!-- WordPress Popular Posts v6.4.2 - cached -->\n\n<ul class=\"wpp-list\">\n<li>\n<a href=\"https:\/\/old01.edu-carib.com\/en\/booster-son-dossier-scolaire-bac\/\" class=\"wpp-post-title\" target=\"_self\">Comment booster ton dossier scolaire et anticiper l\u2019apr\u00e8s-bac ? 5 astuces<\/a>\n <span class=\"wpp-meta post-stats\"><span class=\"wpp-date\">posted on 4 January 2021<\/span><\/span>\n<\/li>\n<li>\n<a href=\"https:\/\/old01.edu-carib.com\/en\/5-raisons-rejoindre-prepa-educarib\/\" class=\"wpp-post-title\" target=\"_self\">5 raisons de rejoindre la Pr\u00e9pa EduCarib, la plateforme pour jeunes Carib\u00e9ens motiv\u00e9s<\/a>\n <span class=\"wpp-meta post-stats\"><span class=\"wpp-date\">posted on 26 January 2021<\/span><\/span>\n<\/li>\n<li>\n<a href=\"https:\/\/old01.edu-carib.com\/en\/prepa-educarib-coachs-presentation\/\" class=\"wpp-post-title\" target=\"_self\">Pr\u00e9pa EduCarib : \u00e0 la rencontre de Matthieu, Allan, Sarah et Steeven, tes futurs coachs<\/a>\n <span class=\"wpp-meta post-stats\"><span class=\"wpp-date\">posted on 2 February 2021<\/span><\/span>\n<\/li>\n<\/ul>\n\n\t\t<\/div>\n\t\t\t\t<\/div>\n\t\t\t\t<div class=\"elementor-element elementor-element-7bde963 elementor-widget elementor-widget-html\" data-id=\"7bde963\" data-element_type=\"widget\" data-widget_type=\"html.default\">\n\t\t\t\t<div class=\"elementor-widget-container\">\n\t\t\t<script>\n    \"use strict\";\n    for (let i = 0; i < document.getElementsByClassName('wpp-date').length ; i++) {\n    document.getElementsByClassName('wpp-date')[i].innerHTML = document.getElementsByClassName('wpp-date')[i].innerHTML.replace('posted on ', 'Post\u00e9 le ');\n\n}\n<\/script>\t\t<\/div>\n\t\t\t\t<\/div>\n\t\t\t\t\t<\/div>\n\t\t<\/div>\n\t\t\t\t\t<\/div>\n\t\t<\/section>\n\t\t\t\t<section class=\"elementor-section elementor-top-section elementor-element elementor-element-06e41ee elementor-section-boxed elementor-section-height-default elementor-section-height-default\" data-id=\"06e41ee\" data-element_type=\"section\">\n\t\t\t\t\t\t<div class=\"elementor-container elementor-column-gap-default\">\n\t\t\t\t\t<div class=\"elementor-column elementor-col-100 elementor-top-column elementor-element elementor-element-cb7851c\" data-id=\"cb7851c\" data-element_type=\"column\">\n\t\t\t<div class=\"elementor-widget-wrap elementor-element-populated\">\n\t\t\t\t\t\t<div class=\"elementor-element elementor-element-4ead5f0 elementor-widget elementor-widget-spacer\" data-id=\"4ead5f0\" data-element_type=\"widget\" data-widget_type=\"spacer.default\">\n\t\t\t\t<div class=\"elementor-widget-container\">\n\t\t\t\t\t<div class=\"elementor-spacer\">\n\t\t\t<div class=\"elementor-spacer-inner\"><\/div>\n\t\t<\/div>\n\t\t\t\t<\/div>\n\t\t\t\t<\/div>\n\t\t\t\t\t<\/div>\n\t\t<\/div>\n\t\t\t\t\t<\/div>\n\t\t<\/section>\n\t\t\t\t<\/div>","protected":false},"excerpt":{"rendered":"<p>Articles, Interviews, Ev\u00e8nements De l\u2019actualit\u00e9, des conseils, des informations pratiques afin de te guider dans ton orientation. Tout Lyc\u00e9e Vie \u00e9tudiante Bourses Conseils Destinations Pr\u00e9pa EduCarib : \u00e0 la rencontre de Matthieu, Allan, Sarah et Steeven, tes futurs coachs 2 f\u00e9vrier 2021 La pr\u00e9pa EduCarib r\u00e9ouvre bient\u00f4t ses portes&nbsp;! Comment, tu n\u2019es pas au courant&nbsp;? [&hellip;]<\/p>","protected":false},"author":20,"featured_media":0,"parent":0,"menu_order":0,"comment_status":"closed","ping_status":"closed","template":"","meta":{"_monsterinsights_skip_tracking":false,"_monsterinsights_sitenote_active":false,"_monsterinsights_sitenote_note":"","_monsterinsights_sitenote_category":0,"footnotes":"","_links_to":"","_links_to_target":""},"yoast_head":"<!-- This site is optimized with the Yoast SEO plugin v22.5 - https:\/\/yoast.com\/wordpress\/plugins\/seo\/ -->\n<title>S&#039;informer - Lyc\u00e9e - EduCarib.co<\/title>\n<meta name=\"robots\" content=\"index, follow, max-snippet:-1, max-image-preview:large, max-video-preview:-1\" \/>\n<link rel=\"canonical\" href=\"https:\/\/old01.edu-carib.com\/en\/sinformer-lycee\/\" \/>\n<meta property=\"og:locale\" content=\"en_US\" \/>\n<meta property=\"og:type\" content=\"article\" \/>\n<meta property=\"og:title\" content=\"S&#039;informer - Lyc\u00e9e - EduCarib.co\" \/>\n<meta property=\"og:description\" content=\"Articles, Interviews, Ev\u00e8nements De l\u2019actualit\u00e9, des conseils, des informations pratiques afin de te guider dans ton orientation. Tout Lyc\u00e9e Vie \u00e9tudiante Bourses Conseils Destinations Pr\u00e9pa EduCarib : \u00e0 la rencontre de Matthieu, Allan, Sarah et Steeven, tes futurs coachs 2 f\u00e9vrier 2021 La pr\u00e9pa EduCarib r\u00e9ouvre bient\u00f4t ses portes&nbsp;! Comment, tu n\u2019es pas au courant&nbsp;? [&hellip;]\" \/>\n<meta property=\"og:url\" content=\"https:\/\/old01.edu-carib.com\/en\/sinformer-lycee\/\" \/>\n<meta property=\"og:site_name\" content=\"EduCarib.co\" \/>\n<meta property=\"article:modified_time\" content=\"2021-02-25T22:48:34+00:00\" \/>\n<meta property=\"og:image\" content=\"https:\/\/educarib.co\/wp-content\/uploads\/2021\/02\/EduCarib_visuel_presentation_coach-1.png\" \/>\n<meta name=\"twitter:card\" content=\"summary_large_image\" \/>\n<meta name=\"twitter:label1\" content=\"Est. reading time\" \/>\n\t<meta name=\"twitter:data1\" content=\"1 minute\" \/>\n<script type=\"application\/ld+json\" class=\"yoast-schema-graph\">{\"@context\":\"https:\/\/schema.org\",\"@graph\":[{\"@type\":\"WebPage\",\"@id\":\"https:\/\/old01.edu-carib.com\/sinformer-lycee\/\",\"url\":\"https:\/\/old01.edu-carib.com\/sinformer-lycee\/\",\"name\":\"S'informer - Lyc\u00e9e - EduCarib.co\",\"isPartOf\":{\"@id\":\"https:\/\/old01.edu-carib.com\/#website\"},\"primaryImageOfPage\":{\"@id\":\"https:\/\/old01.edu-carib.com\/sinformer-lycee\/#primaryimage\"},\"image\":{\"@id\":\"https:\/\/old01.edu-carib.com\/sinformer-lycee\/#primaryimage\"},\"thumbnailUrl\":\"https:\/\/educarib.co\/wp-content\/uploads\/2021\/02\/EduCarib_visuel_presentation_coach-1.png\",\"datePublished\":\"2021-01-07T23:46:12+00:00\",\"dateModified\":\"2021-02-25T22:48:34+00:00\",\"breadcrumb\":{\"@id\":\"https:\/\/old01.edu-carib.com\/sinformer-lycee\/#breadcrumb\"},\"inLanguage\":\"en-US\",\"potentialAction\":[{\"@type\":\"ReadAction\",\"target\":[\"https:\/\/old01.edu-carib.com\/sinformer-lycee\/\"]}]},{\"@type\":\"ImageObject\",\"inLanguage\":\"en-US\",\"@id\":\"https:\/\/old01.edu-carib.com\/sinformer-lycee\/#primaryimage\",\"url\":\"https:\/\/educarib.co\/wp-content\/uploads\/2021\/02\/EduCarib_visuel_presentation_coach-1.png\",\"contentUrl\":\"https:\/\/educarib.co\/wp-content\/uploads\/2021\/02\/EduCarib_visuel_presentation_coach-1.png\"},{\"@type\":\"BreadcrumbList\",\"@id\":\"https:\/\/old01.edu-carib.com\/sinformer-lycee\/#breadcrumb\",\"itemListElement\":[{\"@type\":\"ListItem\",\"position\":1,\"name\":\"Accueil\",\"item\":\"https:\/\/old01.edu-carib.com\/\"},{\"@type\":\"ListItem\",\"position\":2,\"name\":\"S&#8217;informer &#8211; Lyc\u00e9e\"}]},{\"@type\":\"WebSite\",\"@id\":\"https:\/\/old01.edu-carib.com\/#website\",\"url\":\"https:\/\/old01.edu-carib.com\/\",\"name\":\"EduCarib.co\",\"description\":\"Le Guide de l\u2019Orientation\",\"potentialAction\":[{\"@type\":\"SearchAction\",\"target\":{\"@type\":\"EntryPoint\",\"urlTemplate\":\"https:\/\/old01.edu-carib.com\/?s={search_term_string}\"},\"query-input\":\"required name=search_term_string\"}],\"inLanguage\":\"en-US\"}]}<\/script>\n<!-- \/ Yoast SEO plugin. -->","yoast_head_json":{"title":"S'informer - Lyc\u00e9e - EduCarib.co","robots":{"index":"index","follow":"follow","max-snippet":"max-snippet:-1","max-image-preview":"max-image-preview:large","max-video-preview":"max-video-preview:-1"},"canonical":"https:\/\/old01.edu-carib.com\/en\/sinformer-lycee\/","og_locale":"en_US","og_type":"article","og_title":"S'informer - Lyc\u00e9e - EduCarib.co","og_description":"Articles, Interviews, Ev\u00e8nements De l\u2019actualit\u00e9, des conseils, des informations pratiques afin de te guider dans ton orientation. Tout Lyc\u00e9e Vie \u00e9tudiante Bourses Conseils Destinations Pr\u00e9pa EduCarib : \u00e0 la rencontre de Matthieu, Allan, Sarah et Steeven, tes futurs coachs 2 f\u00e9vrier 2021 La pr\u00e9pa EduCarib r\u00e9ouvre bient\u00f4t ses portes&nbsp;! Comment, tu n\u2019es pas au courant&nbsp;? [&hellip;]","og_url":"https:\/\/old01.edu-carib.com\/en\/sinformer-lycee\/","og_site_name":"EduCarib.co","article_modified_time":"2021-02-25T22:48:34+00:00","og_image":[{"url":"https:\/\/educarib.co\/wp-content\/uploads\/2021\/02\/EduCarib_visuel_presentation_coach-1.png"}],"twitter_card":"summary_large_image","twitter_misc":{"Est. reading time":"1 minute"},"schema":{"@context":"https:\/\/schema.org","@graph":[{"@type":"WebPage","@id":"https:\/\/old01.edu-carib.com\/sinformer-lycee\/","url":"https:\/\/old01.edu-carib.com\/sinformer-lycee\/","name":"S'informer - Lyc\u00e9e - EduCarib.co","isPartOf":{"@id":"https:\/\/old01.edu-carib.com\/#website"},"primaryImageOfPage":{"@id":"https:\/\/old01.edu-carib.com\/sinformer-lycee\/#primaryimage"},"image":{"@id":"https:\/\/old01.edu-carib.com\/sinformer-lycee\/#primaryimage"},"thumbnailUrl":"https:\/\/educarib.co\/wp-content\/uploads\/2021\/02\/EduCarib_visuel_presentation_coach-1.png","datePublished":"2021-01-07T23:46:12+00:00","dateModified":"2021-02-25T22:48:34+00:00","breadcrumb":{"@id":"https:\/\/old01.edu-carib.com\/sinformer-lycee\/#breadcrumb"},"inLanguage":"en-US","potentialAction":[{"@type":"ReadAction","target":["https:\/\/old01.edu-carib.com\/sinformer-lycee\/"]}]},{"@type":"ImageObject","inLanguage":"en-US","@id":"https:\/\/old01.edu-carib.com\/sinformer-lycee\/#primaryimage","url":"https:\/\/educarib.co\/wp-content\/uploads\/2021\/02\/EduCarib_visuel_presentation_coach-1.png","contentUrl":"https:\/\/educarib.co\/wp-content\/uploads\/2021\/02\/EduCarib_visuel_presentation_coach-1.png"},{"@type":"BreadcrumbList","@id":"https:\/\/old01.edu-carib.com\/sinformer-lycee\/#breadcrumb","itemListElement":[{"@type":"ListItem","position":1,"name":"Accueil","item":"https:\/\/old01.edu-carib.com\/"},{"@type":"ListItem","position":2,"name":"S&#8217;informer &#8211; Lyc\u00e9e"}]},{"@type":"WebSite","@id":"https:\/\/old01.edu-carib.com\/#website","url":"https:\/\/old01.edu-carib.com\/","name":"EduCarib.co","description":"Le Guide de l\u2019Orientation","potentialAction":[{"@type":"SearchAction","target":{"@type":"EntryPoint","urlTemplate":"https:\/\/old01.edu-carib.com\/?s={search_term_string}"},"query-input":"required name=search_term_string"}],"inLanguage":"en-US"}]}},"_links":{"self":[{"href":"https:\/\/old01.edu-carib.com\/en\/wp-json\/wp\/v2\/pages\/13112"}],"collection":[{"href":"https:\/\/old01.edu-carib.com\/en\/wp-json\/wp\/v2\/pages"}],"about":[{"href":"https:\/\/old01.edu-carib.com\/en\/wp-json\/wp\/v2\/types\/page"}],"author":[{"embeddable":true,"href":"https:\/\/old01.edu-carib.com\/en\/wp-json\/wp\/v2\/users\/20"}],"replies":[{"embeddable":true,"href":"https:\/\/old01.edu-carib.com\/en\/wp-json\/wp\/v2\/comments?post=13112"}],"version-history":[{"count":74,"href":"https:\/\/old01.edu-carib.com\/en\/wp-json\/wp\/v2\/pages\/13112\/revisions"}],"predecessor-version":[{"id":14954,"href":"https:\/\/old01.edu-carib.com\/en\/wp-json\/wp\/v2\/pages\/13112\/revisions\/14954"}],"wp:attachment":[{"href":"https:\/\/old01.edu-carib.com\/en\/wp-json\/wp\/v2\/media?parent=13112"}],"curies":[{"name":"wp","href":"https:\/\/api.w.org\/{rel}","templated":true}]}}