{"id":10119,"date":"2019-09-08T01:07:19","date_gmt":"2019-09-07T23:07:19","guid":{"rendered":"https:\/\/edu-carib.com\/?page_id=10119"},"modified":"2021-02-19T10:32:03","modified_gmt":"2021-02-19T09:32:03","slug":"campus-insiders","status":"publish","type":"page","link":"https:\/\/old01.edu-carib.com\/en\/campus-insiders\/","title":{"rendered":"Campus insiders"},"content":{"rendered":"<div data-elementor-type=\"wp-page\" data-elementor-id=\"10119\" class=\"elementor elementor-10119\" data-elementor-post-type=\"page\">\n\t\t\t\t\t\t<section class=\"elementor-section elementor-top-section elementor-element elementor-element-2589941 elementor-section-stretched elementor-section-height-min-height elementor-section-items-bottom elementor-section-boxed elementor-section-height-default\" data-id=\"2589941\" data-element_type=\"section\" data-settings=\"{&quot;stretch_section&quot;:&quot;section-stretched&quot;,&quot;background_background&quot;:&quot;classic&quot;}\">\n\t\t\t\t\t\t\t<div class=\"elementor-background-overlay\"><\/div>\n\t\t\t\t\t\t\t<div class=\"elementor-container elementor-column-gap-default\">\n\t\t\t\t\t<div class=\"elementor-column elementor-col-100 elementor-top-column elementor-element elementor-element-0e0ee95\" data-id=\"0e0ee95\" data-element_type=\"column\">\n\t\t\t<div class=\"elementor-widget-wrap\">\n\t\t\t\t\t\t\t<\/div>\n\t\t<\/div>\n\t\t\t\t\t<\/div>\n\t\t<\/section>\n\t\t\t\t<section class=\"elementor-section elementor-top-section elementor-element elementor-element-aba4fb5 elementor-section-boxed elementor-section-height-default elementor-section-height-default\" data-id=\"aba4fb5\" data-element_type=\"section\">\n\t\t\t\t\t\t<div class=\"elementor-container elementor-column-gap-default\">\n\t\t\t\t\t<div class=\"elementor-column elementor-col-100 elementor-top-column elementor-element elementor-element-454a9ab\" data-id=\"454a9ab\" data-element_type=\"column\">\n\t\t\t<div class=\"elementor-widget-wrap elementor-element-populated\">\n\t\t\t\t\t\t<div class=\"elementor-element elementor-element-e7d3d49 elementor-widget elementor-widget-heading\" data-id=\"e7d3d49\" data-element_type=\"widget\" data-widget_type=\"heading.default\">\n\t\t\t\t<div class=\"elementor-widget-container\">\n\t\t\t<h1 class=\"elementor-heading-title elementor-size-default\">Campus Insiders<\/h1>\t\t<\/div>\n\t\t\t\t<\/div>\n\t\t\t\t<div class=\"elementor-element elementor-element-8c291d6 elementor-widget elementor-widget-text-editor\" data-id=\"8c291d6\" data-element_type=\"widget\" data-widget_type=\"text-editor.default\">\n\t\t\t\t<div class=\"elementor-widget-container\">\n\t\t\t\t\t\t\t<p><span style=\"font-weight: 400;\">Discover schools and universities across the region.<\/span><\/p>\t\t\t\t\t\t<\/div>\n\t\t\t\t<\/div>\n\t\t\t\t\t<\/div>\n\t\t<\/div>\n\t\t\t\t\t<\/div>\n\t\t<\/section>\n\t\t\t\t<section class=\"elementor-section elementor-top-section elementor-element elementor-element-580ae39 elementor-section-boxed elementor-section-height-default elementor-section-height-default\" data-id=\"580ae39\" data-element_type=\"section\" id=\"campus\">\n\t\t\t\t\t\t<div class=\"elementor-container elementor-column-gap-default\">\n\t\t\t\t\t<div class=\"elementor-column elementor-col-100 elementor-top-column elementor-element elementor-element-f7fd48a\" data-id=\"f7fd48a\" data-element_type=\"column\">\n\t\t\t<div class=\"elementor-widget-wrap elementor-element-populated\">\n\t\t\t\t\t\t<div class=\"elementor-element elementor-element-7930d0e elementor-widget elementor-widget-html\" data-id=\"7930d0e\" data-element_type=\"widget\" data-widget_type=\"html.default\">\n\t\t\t\t<div class=\"elementor-widget-container\">\n\t\t\t<div class=\"was-validated\">\n    <div class=\"form-group\">\n  <select class=\"custom-select select2-container\" id=\"dropDownId\"> <!-- give an id to select box-->\n      <option value=\"\">Select a school<\/option>\n      \n       <option value=\"https:\/\/edu-carib.com\/listing\/egc-martinique-campus-tour\/\">Ecole de gestion et de commerce de Martinique<\/option>\n      \n      <option value=\"https:\/\/edu-carib.com\/listing\/ecole-de-gestion-et-de-commerce-de-martinique-2\/\">Institut Universitaire de Technologie de Kourou (Guyane)<\/option>\n      \n      <option value=\"https:\/\/edu-carib.com\/listing\/universite-de-guyane-campus-tour\/\">University of Guyana<\/option>\n      \n      <option value=\"https:\/\/edu-carib.com\/listing\/universite-de-porto-rico-2\/\">\nUniversit\u00e9 de Porto Rico<\/option>\n      \n      <option value=\"https:\/\/edu-carib.com\/listing\/universite-des-antilles-2\/\">Universit\u00e9 des Antilles<\/option>\n      \n      <option value=\"https:\/\/edu-carib.com\/listing\/universite-des-bahamas-campus-tour\/\">Universit\u00e9 des Bahamas<\/option>\n  <\/select>\n  <\/div>\n  <input class=\"SubmitButton button-2 buttons featured-search search\" type=\"submit\" name=\"SUBMITBUTTON\" value=\"Search\">\n<\/div>\n<script type=\"text\/javascript\">\njQuery(document).ready(function ($) {\njQuery('.SubmitButton').click(function($){ \/\/ on submit button click\n\n    var urldata = jQuery('#dropDownId :selected').val(); \/\/ get the selected  option value\n    window.open(urldata,\"_self\") \/\/ open a new window. here you need to change the url according to your wish.\n});});\n<\/script>\t\t<\/div>\n\t\t\t\t<\/div>\n\t\t\t\t\t<\/div>\n\t\t<\/div>\n\t\t\t\t\t<\/div>\n\t\t<\/section>\n\t\t\t\t<section class=\"elementor-section elementor-top-section elementor-element elementor-element-4ed5eaf elementor-section-boxed elementor-section-height-default elementor-section-height-default\" data-id=\"4ed5eaf\" data-element_type=\"section\" id=\"tour\">\n\t\t\t\t\t\t<div class=\"elementor-container elementor-column-gap-default\">\n\t\t\t\t\t<div class=\"elementor-column elementor-col-100 elementor-top-column elementor-element elementor-element-8542dc6\" data-id=\"8542dc6\" data-element_type=\"column\">\n\t\t\t<div class=\"elementor-widget-wrap\">\n\t\t\t\t\t\t\t<\/div>\n\t\t<\/div>\n\t\t\t\t\t<\/div>\n\t\t<\/section>\n\t\t\t\t<\/div>","protected":false},"excerpt":{"rendered":"<p>Campus Tour Discover schools and universities across the region. Select a schoolEcole de gestion et de commerce de MartiniqueInstitut Universitaire de Technologie de Kourou (Guyane)Universit\u00e9 de Guyane Universit\u00e9 de Porto RicoUniversit\u00e9 des AntillesUniversit\u00e9 des Bahamas<\/p>","protected":false},"author":2,"featured_media":0,"parent":0,"menu_order":0,"comment_status":"closed","ping_status":"closed","template":"","meta":{"_monsterinsights_skip_tracking":false,"_monsterinsights_sitenote_active":false,"_monsterinsights_sitenote_note":"","_monsterinsights_sitenote_category":0,"footnotes":"","_links_to":"","_links_to_target":""},"yoast_head":"<!-- This site is optimized with the Yoast SEO plugin v22.5 - https:\/\/yoast.com\/wordpress\/plugins\/seo\/ -->\n<title>Campus insiders - EduCarib.co<\/title>\n<meta name=\"robots\" content=\"index, follow, max-snippet:-1, max-image-preview:large, max-video-preview:-1\" \/>\n<link rel=\"canonical\" href=\"https:\/\/old01.edu-carib.com\/en\/campus-insiders\/\" \/>\n<meta property=\"og:locale\" content=\"en_US\" \/>\n<meta property=\"og:type\" content=\"article\" \/>\n<meta property=\"og:title\" content=\"Campus insiders - EduCarib.co\" \/>\n<meta property=\"og:description\" content=\"Campus Tour Discover schools and universities across the region. Select a schoolEcole de gestion et de commerce de MartiniqueInstitut Universitaire de Technologie de Kourou (Guyane)Universit\u00e9 de Guyane Universit\u00e9 de Porto RicoUniversit\u00e9 des AntillesUniversit\u00e9 des Bahamas\" \/>\n<meta property=\"og:url\" content=\"https:\/\/old01.edu-carib.com\/en\/campus-insiders\/\" \/>\n<meta property=\"og:site_name\" content=\"EduCarib.co\" \/>\n<meta property=\"article:modified_time\" content=\"2021-02-19T09:32:03+00:00\" \/>\n<meta name=\"twitter:card\" content=\"summary_large_image\" \/>\n<script type=\"application\/ld+json\" class=\"yoast-schema-graph\">{\"@context\":\"https:\/\/schema.org\",\"@graph\":[{\"@type\":\"WebPage\",\"@id\":\"https:\/\/old01.edu-carib.com\/campus-insiders\/\",\"url\":\"https:\/\/old01.edu-carib.com\/campus-insiders\/\",\"name\":\"Campus insiders - EduCarib.co\",\"isPartOf\":{\"@id\":\"https:\/\/old01.edu-carib.com\/#website\"},\"datePublished\":\"2019-09-07T23:07:19+00:00\",\"dateModified\":\"2021-02-19T09:32:03+00:00\",\"breadcrumb\":{\"@id\":\"https:\/\/old01.edu-carib.com\/campus-insiders\/#breadcrumb\"},\"inLanguage\":\"en-US\",\"potentialAction\":[{\"@type\":\"ReadAction\",\"target\":[\"https:\/\/old01.edu-carib.com\/campus-insiders\/\"]}]},{\"@type\":\"BreadcrumbList\",\"@id\":\"https:\/\/old01.edu-carib.com\/campus-insiders\/#breadcrumb\",\"itemListElement\":[{\"@type\":\"ListItem\",\"position\":1,\"name\":\"Accueil\",\"item\":\"https:\/\/old01.edu-carib.com\/\"},{\"@type\":\"ListItem\",\"position\":2,\"name\":\"Campus insiders\"}]},{\"@type\":\"WebSite\",\"@id\":\"https:\/\/old01.edu-carib.com\/#website\",\"url\":\"https:\/\/old01.edu-carib.com\/\",\"name\":\"EduCarib.co\",\"description\":\"Le Guide de l\u2019Orientation\",\"potentialAction\":[{\"@type\":\"SearchAction\",\"target\":{\"@type\":\"EntryPoint\",\"urlTemplate\":\"https:\/\/old01.edu-carib.com\/?s={search_term_string}\"},\"query-input\":\"required name=search_term_string\"}],\"inLanguage\":\"en-US\"}]}<\/script>\n<!-- \/ Yoast SEO plugin. -->","yoast_head_json":{"title":"Campus insiders - EduCarib.co","robots":{"index":"index","follow":"follow","max-snippet":"max-snippet:-1","max-image-preview":"max-image-preview:large","max-video-preview":"max-video-preview:-1"},"canonical":"https:\/\/old01.edu-carib.com\/en\/campus-insiders\/","og_locale":"en_US","og_type":"article","og_title":"Campus insiders - EduCarib.co","og_description":"Campus Tour Discover schools and universities across the region. Select a schoolEcole de gestion et de commerce de MartiniqueInstitut Universitaire de Technologie de Kourou (Guyane)Universit\u00e9 de Guyane Universit\u00e9 de Porto RicoUniversit\u00e9 des AntillesUniversit\u00e9 des Bahamas","og_url":"https:\/\/old01.edu-carib.com\/en\/campus-insiders\/","og_site_name":"EduCarib.co","article_modified_time":"2021-02-19T09:32:03+00:00","twitter_card":"summary_large_image","schema":{"@context":"https:\/\/schema.org","@graph":[{"@type":"WebPage","@id":"https:\/\/old01.edu-carib.com\/campus-insiders\/","url":"https:\/\/old01.edu-carib.com\/campus-insiders\/","name":"Campus insiders - EduCarib.co","isPartOf":{"@id":"https:\/\/old01.edu-carib.com\/#website"},"datePublished":"2019-09-07T23:07:19+00:00","dateModified":"2021-02-19T09:32:03+00:00","breadcrumb":{"@id":"https:\/\/old01.edu-carib.com\/campus-insiders\/#breadcrumb"},"inLanguage":"en-US","potentialAction":[{"@type":"ReadAction","target":["https:\/\/old01.edu-carib.com\/campus-insiders\/"]}]},{"@type":"BreadcrumbList","@id":"https:\/\/old01.edu-carib.com\/campus-insiders\/#breadcrumb","itemListElement":[{"@type":"ListItem","position":1,"name":"Accueil","item":"https:\/\/old01.edu-carib.com\/"},{"@type":"ListItem","position":2,"name":"Campus insiders"}]},{"@type":"WebSite","@id":"https:\/\/old01.edu-carib.com\/#website","url":"https:\/\/old01.edu-carib.com\/","name":"EduCarib.co","description":"Le Guide de l\u2019Orientation","potentialAction":[{"@type":"SearchAction","target":{"@type":"EntryPoint","urlTemplate":"https:\/\/old01.edu-carib.com\/?s={search_term_string}"},"query-input":"required name=search_term_string"}],"inLanguage":"en-US"}]}},"_links":{"self":[{"href":"https:\/\/old01.edu-carib.com\/en\/wp-json\/wp\/v2\/pages\/10119"}],"collection":[{"href":"https:\/\/old01.edu-carib.com\/en\/wp-json\/wp\/v2\/pages"}],"about":[{"href":"https:\/\/old01.edu-carib.com\/en\/wp-json\/wp\/v2\/types\/page"}],"author":[{"embeddable":true,"href":"https:\/\/old01.edu-carib.com\/en\/wp-json\/wp\/v2\/users\/2"}],"replies":[{"embeddable":true,"href":"https:\/\/old01.edu-carib.com\/en\/wp-json\/wp\/v2\/comments?post=10119"}],"version-history":[{"count":3,"href":"https:\/\/old01.edu-carib.com\/en\/wp-json\/wp\/v2\/pages\/10119\/revisions"}],"predecessor-version":[{"id":14870,"href":"https:\/\/old01.edu-carib.com\/en\/wp-json\/wp\/v2\/pages\/10119\/revisions\/14870"}],"wp:attachment":[{"href":"https:\/\/old01.edu-carib.com\/en\/wp-json\/wp\/v2\/media?parent=10119"}],"curies":[{"name":"wp","href":"https:\/\/api.w.org\/{rel}","templated":true}]}}